{"id":3,"date":"2020-04-01T22:24:38","date_gmt":"2020-04-02T01:24:38","guid":{"rendered":"https:\/\/aquarismomarinho.com.br\/blog\/?page_id=3"},"modified":"2020-05-26T18:36:16","modified_gmt":"2020-05-26T21:36:16","slug":"politica-de-privacidade","status":"publish","type":"page","link":"https:\/\/www.aquarismomarinho.com.br\/blog\/politica-de-privacidade\/","title":{"rendered":"Pol\u00edtica de Privacidade"},"content":{"rendered":"\n<h2 class=\"wp-block-heading\">Quem Somos<\/h2>\n\n\n\n<p>AquarismoMarinho.com.br &#8211; CNPJ: 11.479.153\/0001-80<br>Faldem Design Gr\u00e1fico e Web Ltda.<br>Rua Argeu Guimar\u00e3es, S\u00e3o Paulo &#8211; SP, Brasil. CEP 03625-020<br>Nosso e-mail de contato \u00e9: <a href=\"mailto:contato@aquarismomarinho.com.br\">contato@aquarismomarinho.com.br<\/a><br>O endere\u00e7o do nosso site \u00e9: <a href=\"https:\/\/www.aquarismomarinho.com.br\/blog\">www.aquarismomarinho.com.br\/blog\/<\/a><\/p>\n\n\n\n<h2 class=\"wp-block-heading\">Informa\u00e7\u00f5es do usu\u00e1rio<\/h2>\n\n\n\n<p>Todas as suas informa\u00e7\u00f5es pessoais recolhidas, ser\u00e3o usadas para o ajudar a tornar a sua visita no nosso site o mais produtiva e agrad\u00e1vel poss\u00edvel. A garantia da confidencialidade dos dados pessoais dos utilizadores do nosso site \u00e9 muito importante para n\u00f3s.<\/p>\n\n\n\n<p>Garantimos que quaisquer informa\u00e7\u00f5es pessoais dos usu\u00e1rios n\u00e3o ser\u00e3o fornecidas, publicadas ou comercializadas em quaisquer circunst\u00e2ncias. Estas informa\u00e7\u00f5es est\u00e3o seguras conosco. Exceto em casos de participa\u00e7\u00e3o do usu\u00e1rio em algum coment\u00e1rio ou postagem. Neste caso, o nome, email e depoimento poder\u00e3o ser publicados, conforme nossos termos de uso.<\/p>\n\n\n\n<h2 class=\"wp-block-heading\">Quais dados pessoais coletamos e porque<\/h2>\n\n\n\n<h3 class=\"wp-block-heading\">Coment\u00e1rios<\/h3>\n\n\n\n<p>Quando os visitantes deixam coment\u00e1rios no site, coletamos os dados mostrados no formul\u00e1rio de coment\u00e1rios, al\u00e9m do endere\u00e7o de IP e de dados do navegador do visitante, para auxiliar na detec\u00e7\u00e3o de spam.<\/p>\n\n\n\n<p>Uma sequ\u00eancia anonimizada de caracteres criada a partir do seu e-mail (tamb\u00e9m chamada de hash) poder\u00e1 ser enviada para o Gravatar para verificar se voc\u00ea usa o servi\u00e7o. A pol\u00edtica de privacidade do Gravatar est\u00e1 dispon\u00edvel aqui: https:\/\/automattic.com\/privacy\/. Depois da aprova\u00e7\u00e3o do seu coment\u00e1rio, a foto do seu perfil fica vis\u00edvel publicamente junto de seu coment\u00e1rio.<\/p>\n\n\n\n<p>Utilizamos tamb\u00e9m o Plugin de Coment\u00e1rios do Facebook <a href=\"https:\/\/developers.facebook.com\/docs\/plugins\/comments\/\">https:\/\/developers.facebook.com\/docs\/plugins\/comments\/<\/a> onde caso queira escrever um coment\u00e1rio em nossos artigos ser\u00e1 necess\u00e1rio logar com sua conta do facebook para ter permiss\u00e3o de escrita nos coment\u00e1rios.<\/p>\n\n\n\n<h3 class=\"wp-block-heading\">M\u00eddia<\/h3>\n\n\n\n<p>Se voc\u00ea envia imagens para o site, evite enviar as que contenham dados de localiza\u00e7\u00e3o incorporados (EXIF GPS). Visitantes podem baixar estas imagens do site e extrair delas seus dados de localiza\u00e7\u00e3o.<\/p>\n\n\n\n<h3 class=\"wp-block-heading\">Formul\u00e1rios de Contato \/ Newsletter<\/h3>\n\n\n\n<p>N\u00f3s nunca enviamos e-mails com anexos execut\u00e1veis (extens\u00e3o exe, com, scr, bat).<\/p>\n\n\n\n<p>Para usufruir dos benef\u00edcios adicionais do site e receber o email com informa\u00e7\u00f5es sobre nossos servi\u00e7os, voc\u00ea precisa se cadastrar em algum de nossos formul\u00e1rios de opt-in. Este cadastro \u00e9 armazenado em um banco de dados protegido e sigiloso.<\/p>\n\n\n\n<p>Caso n\u00e3o queira receber mais nossos informativos, basta clicar no link de cancelamento que h\u00e1 no rodap\u00e9 de cada mensagem ou nos avisar atrav\u00e9s de e-mail. N\u00f3s nunca enviamos spams.<\/p>\n\n\n\n<p>Nossos formul\u00e1rios de capta\u00e7\u00e3o s\u00e3o gerados e guardados em um banco de dados por interm\u00e9dio do Servi\u00e7o de E-mail Marketing da empresa parceira E-goi.<\/p>\n\n\n\n<p>Para saber mais sobre as pol\u00edticas de privacidade do E-goi acesse:&nbsp;<a href=\"https:\/\/login.egoiapp.com\/legal\/anti-spam-policy\"><\/a><a href=\"https:\/\/login.egoiapp.com\/legal\/anti-spam-policy\">https:\/\/login.egoiapp.com\/legal\/anti-spam-policy<\/a><\/p>\n\n\n\n<p>Utilizamos esses dados para ter um controle das intera\u00e7\u00f5es feitas no site e planejarmos a\u00e7\u00f5es de neg\u00f3cio \/ marketing com base nas informa\u00e7\u00f5es fornecidas. N\u00e3o fornecemos esses dados para terceiros.<\/p>\n\n\n\n<p>Para solicitar a retirada dos seus dados da nossa base:<br>Nos e-mails que enviamos consta um link para cancelar o recebimento das mensagem, caso n\u00e3o encontre este link nos envie um e-mail para <a href=\"mailto:contato@aquarismomarinho.com.br\">contato@aquarismomarinho.com.br<\/a> pedindo a remo\u00e7\u00e3o ou ligue para (11) 96315-9116.<\/p>\n\n\n\n<p><\/p>\n\n\n\n<h3 class=\"wp-block-heading\">Cookies<\/h3>\n\n\n\n<p>Podemos utilizar a tecnologia de cookies para melhorar a experi\u00eancia do usu\u00e1rio. Isso auxilia na identifica\u00e7\u00e3o do seu IP, facilitando a navega\u00e7\u00e3o e customizando a navega\u00e7\u00e3o. Voc\u00ea pode bloquear qualquer uso de cookies diretamente no seu navegador.<\/p>\n\n\n\n<p>Utilizamos cookies e outras tecnologias de medi\u00e7\u00e3o para melhorar a sua experi\u00eancia de navega\u00e7\u00e3o no nosso site, de forma a mostrar conte\u00fado personalizado, an\u00fancios direcionados, analisar o tr\u00e1fego do site e entender de onde v\u00eam os visitantes. Ao navegar no nosso site, concorda com o uso de cookies e outras tecnologias de medi\u00e7\u00e3o.<\/p>\n\n\n\n<p>Ao deixar um coment\u00e1rio no site, voc\u00ea poder\u00e1 optar por salvar seu nome, e-mail e site nos cookies. Isso visa seu conforto, assim voc\u00ea n\u00e3o precisar\u00e1 preencher seus  dados novamente quando fizer outro coment\u00e1rio. Estes cookies duram um ano.<\/p>\n\n\n\n<p>Se voc\u00ea tem uma conta e acessa este site, um cookie tempor\u00e1rio ser\u00e1 criado para determinar se seu navegador aceita cookies. Ele n\u00e3o cont\u00e9m nenhum dado pessoal e ser\u00e1 descartado quando voc\u00ea fechar seu navegador.<\/p>\n\n\n\n<p>Quando voc\u00ea acessa sua conta no site, tamb\u00e9m criamos v\u00e1rios cookies para salvar os dados da sua conta e suas escolhas de exibi\u00e7\u00e3o de tela. Cookies de login s\u00e3o mantidos por dois dias e cookies de op\u00e7\u00f5es de tela por um ano. Se voc\u00ea selecionar &#8220;Lembrar-me&#8221;, seu acesso ser\u00e1 mantido por duas semanas. Se voc\u00ea se desconectar da sua conta, os cookies de login ser\u00e3o removidos.<\/p>\n\n\n\n<p>Se voc\u00ea editar ou publicar um artigo, um cookie adicional ser\u00e1 salvo no seu navegador. Este cookie n\u00e3o inclui nenhum dado pessoal e simplesmente indica o ID do post referente ao artigo que voc\u00ea acabou de editar. Ele expira depois de 1 dia.<\/p>\n\n\n\n<h3 class=\"wp-block-heading\">M\u00eddia incorporada de outros sites<\/h3>\n\n\n\n<p>Artigos neste site podem incluir conte\u00fado incorporado como, por exemplo, v\u00eddeos, imagens, artigos, etc. Conte\u00fados incorporados de outros sites se comportam exatamente da mesma forma como se o visitante estivesse visitando o outro site.<\/p>\n\n\n\n<p>Estes sites podem coletar dados sobre voc\u00ea, usar cookies, incorporar rastreamento adicional de terceiros e monitorar sua intera\u00e7\u00e3o com este conte\u00fado incorporado, incluindo sua intera\u00e7\u00e3o com o conte\u00fado incorporado se voc\u00ea tem uma conta e est\u00e1 conectado com o site.<\/p>\n\n\n\n<h2 class=\"wp-block-heading\">Por quanto tempo mantemos os seus dados<\/h2>\n\n\n\n<p>Se voc\u00ea deixar um coment\u00e1rio, o coment\u00e1rio e os seus metadados s\u00e3o conservados indefinidamente. Fazemos isso para que seja poss\u00edvel reconhecer e aprovar automaticamente qualquer coment\u00e1rio posterior ao inv\u00e9s de ret\u00ea-lo para modera\u00e7\u00e3o.<\/p>\n\n\n\n<p>Para usu\u00e1rios que se registram no nosso site (se houver), tamb\u00e9m guardamos as informa\u00e7\u00f5es pessoais que fornecem no seu perfil de usu\u00e1rio. Todos os usu\u00e1rios podem ver, editar ou excluir suas informa\u00e7\u00f5es pessoais a qualquer momento (s\u00f3 n\u00e3o \u00e9 poss\u00edvel alterar o seu username). Os administradores de sites tamb\u00e9m podem ver e editar estas informa\u00e7\u00f5es.<\/p>\n\n\n\n<h2 class=\"wp-block-heading\">Quais os seus direitos sobre seus dados<\/h2>\n\n\n\n<p>Se voc\u00ea tiver uma conta neste site ou se tiver deixado coment\u00e1rios, pode solicitar um arquivo exportado dos dados pessoais que mantemos sobre voc\u00ea, inclusive quaisquer dados que nos tenha fornecido. Tamb\u00e9m pode solicitar que removamos qualquer dado pessoal que mantemos sobre voc\u00ea. Isto n\u00e3o inclui nenhuns dados que somos obrigados a manter para prop\u00f3sitos administrativos, legais ou de seguran\u00e7a.<\/p>\n\n\n\n<h2 class=\"wp-block-heading\">Para onde enviamos seus dados<\/h2>\n\n\n\n<p>Coment\u00e1rios de visitantes podem ser marcados por um servi\u00e7o autom\u00e1tico de detec\u00e7\u00e3o de spam.<br><\/p>\n","protected":false},"excerpt":{"rendered":"<p>Quem Somos AquarismoMarinho.com.br &#8211; CNPJ: 11.479.153\/0001-80Faldem Design Gr\u00e1fico e Web Ltda.Rua Argeu Guimar\u00e3es, S\u00e3o Paulo &#8211; SP, Brasil. CEP 03625-020Nosso e-mail de contato \u00e9: contato@aquarismomarinho.com.brO endere\u00e7o do nosso site \u00e9: www.aquarismomarinho.com.br\/blog\/ Informa\u00e7\u00f5es do usu\u00e1rio Todas as suas informa\u00e7\u00f5es pessoais recolhidas, ser\u00e3o usadas para o ajudar a tornar a sua visita [&hellip;]<\/p>\n","protected":false},"author":1,"featured_media":0,"parent":0,"menu_order":0,"comment_status":"closed","ping_status":"open","template":"","meta":{"footnotes":""},"class_list":["post-3","page","type-page","status-publish","hentry"],"yoast_head":"<!-- This site is optimized with the Yoast SEO plugin v27.1.1 - https:\/\/yoast.com\/product\/yoast-seo-wordpress\/ -->\n<title>Pol\u00edtica de Privacidade do Site - Blog Aquarismo Marinho<\/title>\n<meta name=\"description\" content=\"Todas as suas informa\u00e7\u00f5es pessoais recolhidas, ser\u00e3o usadas para o ajudar a tornar a sua visita no nosso site o mais produtiva e agrad\u00e1vel poss\u00edvel.\" \/>\n<meta name=\"robots\" content=\"index, follow, max-snippet:-1, max-image-preview:large, max-video-preview:-1\" \/>\n<link rel=\"canonical\" href=\"https:\/\/www.aquarismomarinho.com.br\/blog\/politica-de-privacidade\/\" \/>\n<meta property=\"og:locale\" content=\"pt_BR\" \/>\n<meta property=\"og:type\" content=\"article\" \/>\n<meta property=\"og:title\" content=\"Pol\u00edtica de Privacidade do Site - Blog Aquarismo Marinho\" \/>\n<meta property=\"og:description\" content=\"Todas as suas informa\u00e7\u00f5es pessoais recolhidas, ser\u00e3o usadas para o ajudar a tornar a sua visita no nosso site o mais produtiva e agrad\u00e1vel poss\u00edvel.\" \/>\n<meta property=\"og:url\" content=\"https:\/\/www.aquarismomarinho.com.br\/blog\/politica-de-privacidade\/\" \/>\n<meta property=\"og:site_name\" content=\"Blog\" \/>\n<meta property=\"article:modified_time\" content=\"2020-05-26T21:36:16+00:00\" \/>\n<meta property=\"og:image\" content=\"https:\/\/www.aquarismomarinho.com.br\/blog\/wp-content\/uploads\/2020\/04\/foto-cabecario3.jpg\" \/>\n\t<meta property=\"og:image:width\" content=\"1280\" \/>\n\t<meta property=\"og:image:height\" content=\"653\" \/>\n\t<meta property=\"og:image:type\" content=\"image\/jpeg\" \/>\n<meta name=\"twitter:card\" content=\"summary_large_image\" \/>\n<meta name=\"twitter:label1\" content=\"Est. tempo de leitura\" \/>\n\t<meta name=\"twitter:data1\" content=\"6 minutos\" \/>\n<script type=\"application\/ld+json\" class=\"yoast-schema-graph\">{\"@context\":\"https:\/\/schema.org\",\"@graph\":[{\"@type\":\"WebPage\",\"@id\":\"https:\/\/www.aquarismomarinho.com.br\/blog\/politica-de-privacidade\/\",\"url\":\"https:\/\/www.aquarismomarinho.com.br\/blog\/politica-de-privacidade\/\",\"name\":\"Pol\u00edtica de Privacidade do Site - Blog Aquarismo Marinho\",\"isPartOf\":{\"@id\":\"https:\/\/www.aquarismomarinho.com.br\/blog\/#website\"},\"datePublished\":\"2020-04-02T01:24:38+00:00\",\"dateModified\":\"2020-05-26T21:36:16+00:00\",\"description\":\"Todas as suas informa\u00e7\u00f5es pessoais recolhidas, ser\u00e3o usadas para o ajudar a tornar a sua visita no nosso site o mais produtiva e agrad\u00e1vel poss\u00edvel.\",\"breadcrumb\":{\"@id\":\"https:\/\/www.aquarismomarinho.com.br\/blog\/politica-de-privacidade\/#breadcrumb\"},\"inLanguage\":\"pt-BR\",\"potentialAction\":[{\"@type\":\"ReadAction\",\"target\":[\"https:\/\/www.aquarismomarinho.com.br\/blog\/politica-de-privacidade\/\"]}]},{\"@type\":\"BreadcrumbList\",\"@id\":\"https:\/\/www.aquarismomarinho.com.br\/blog\/politica-de-privacidade\/#breadcrumb\",\"itemListElement\":[{\"@type\":\"ListItem\",\"position\":1,\"name\":\"Home\",\"item\":\"https:\/\/www.aquarismomarinho.com.br\/blog\/\"},{\"@type\":\"ListItem\",\"position\":2,\"name\":\"Pol\u00edtica de Privacidade\"}]},{\"@type\":\"WebSite\",\"@id\":\"https:\/\/www.aquarismomarinho.com.br\/blog\/#website\",\"url\":\"https:\/\/www.aquarismomarinho.com.br\/blog\/\",\"name\":\"Blog\",\"description\":\"Aprenda TUDO sobre Aqu\u00e1rios Marinhos\",\"publisher\":{\"@id\":\"https:\/\/www.aquarismomarinho.com.br\/blog\/#\/schema\/person\/8f9e58e9950d93e5b46d941028ebae0a\"},\"potentialAction\":[{\"@type\":\"SearchAction\",\"target\":{\"@type\":\"EntryPoint\",\"urlTemplate\":\"https:\/\/www.aquarismomarinho.com.br\/blog\/?s={search_term_string}\"},\"query-input\":{\"@type\":\"PropertyValueSpecification\",\"valueRequired\":true,\"valueName\":\"search_term_string\"}}],\"inLanguage\":\"pt-BR\"},{\"@type\":[\"Person\",\"Organization\"],\"@id\":\"https:\/\/www.aquarismomarinho.com.br\/blog\/#\/schema\/person\/8f9e58e9950d93e5b46d941028ebae0a\",\"name\":\"Equipe\",\"image\":{\"@type\":\"ImageObject\",\"inLanguage\":\"pt-BR\",\"@id\":\"https:\/\/www.aquarismomarinho.com.br\/blog\/#\/schema\/person\/image\/\",\"url\":\"https:\/\/www.aquarismomarinho.com.br\/blog\/wp-content\/uploads\/2020\/04\/face-icon.png\",\"contentUrl\":\"https:\/\/www.aquarismomarinho.com.br\/blog\/wp-content\/uploads\/2020\/04\/face-icon.png\",\"width\":755,\"height\":755,\"caption\":\"Equipe\"},\"logo\":{\"@id\":\"https:\/\/www.aquarismomarinho.com.br\/blog\/#\/schema\/person\/image\/\"},\"sameAs\":[\"https:\/\/aquarismomarinho.com.br\/blog\"]}]}<\/script>\n<!-- \/ Yoast SEO plugin. -->","yoast_head_json":{"title":"Pol\u00edtica de Privacidade do Site - Blog Aquarismo Marinho","description":"Todas as suas informa\u00e7\u00f5es pessoais recolhidas, ser\u00e3o usadas para o ajudar a tornar a sua visita no nosso site o mais produtiva e agrad\u00e1vel poss\u00edvel.","robots":{"index":"index","follow":"follow","max-snippet":"max-snippet:-1","max-image-preview":"max-image-preview:large","max-video-preview":"max-video-preview:-1"},"canonical":"https:\/\/www.aquarismomarinho.com.br\/blog\/politica-de-privacidade\/","og_locale":"pt_BR","og_type":"article","og_title":"Pol\u00edtica de Privacidade do Site - Blog Aquarismo Marinho","og_description":"Todas as suas informa\u00e7\u00f5es pessoais recolhidas, ser\u00e3o usadas para o ajudar a tornar a sua visita no nosso site o mais produtiva e agrad\u00e1vel poss\u00edvel.","og_url":"https:\/\/www.aquarismomarinho.com.br\/blog\/politica-de-privacidade\/","og_site_name":"Blog","article_modified_time":"2020-05-26T21:36:16+00:00","og_image":[{"width":1280,"height":653,"url":"https:\/\/www.aquarismomarinho.com.br\/blog\/wp-content\/uploads\/2020\/04\/foto-cabecario3.jpg","type":"image\/jpeg"}],"twitter_card":"summary_large_image","twitter_misc":{"Est. tempo de leitura":"6 minutos"},"schema":{"@context":"https:\/\/schema.org","@graph":[{"@type":"WebPage","@id":"https:\/\/www.aquarismomarinho.com.br\/blog\/politica-de-privacidade\/","url":"https:\/\/www.aquarismomarinho.com.br\/blog\/politica-de-privacidade\/","name":"Pol\u00edtica de Privacidade do Site - Blog Aquarismo Marinho","isPartOf":{"@id":"https:\/\/www.aquarismomarinho.com.br\/blog\/#website"},"datePublished":"2020-04-02T01:24:38+00:00","dateModified":"2020-05-26T21:36:16+00:00","description":"Todas as suas informa\u00e7\u00f5es pessoais recolhidas, ser\u00e3o usadas para o ajudar a tornar a sua visita no nosso site o mais produtiva e agrad\u00e1vel poss\u00edvel.","breadcrumb":{"@id":"https:\/\/www.aquarismomarinho.com.br\/blog\/politica-de-privacidade\/#breadcrumb"},"inLanguage":"pt-BR","potentialAction":[{"@type":"ReadAction","target":["https:\/\/www.aquarismomarinho.com.br\/blog\/politica-de-privacidade\/"]}]},{"@type":"BreadcrumbList","@id":"https:\/\/www.aquarismomarinho.com.br\/blog\/politica-de-privacidade\/#breadcrumb","itemListElement":[{"@type":"ListItem","position":1,"name":"Home","item":"https:\/\/www.aquarismomarinho.com.br\/blog\/"},{"@type":"ListItem","position":2,"name":"Pol\u00edtica de Privacidade"}]},{"@type":"WebSite","@id":"https:\/\/www.aquarismomarinho.com.br\/blog\/#website","url":"https:\/\/www.aquarismomarinho.com.br\/blog\/","name":"Blog","description":"Aprenda TUDO sobre Aqu\u00e1rios Marinhos","publisher":{"@id":"https:\/\/www.aquarismomarinho.com.br\/blog\/#\/schema\/person\/8f9e58e9950d93e5b46d941028ebae0a"},"potentialAction":[{"@type":"SearchAction","target":{"@type":"EntryPoint","urlTemplate":"https:\/\/www.aquarismomarinho.com.br\/blog\/?s={search_term_string}"},"query-input":{"@type":"PropertyValueSpecification","valueRequired":true,"valueName":"search_term_string"}}],"inLanguage":"pt-BR"},{"@type":["Person","Organization"],"@id":"https:\/\/www.aquarismomarinho.com.br\/blog\/#\/schema\/person\/8f9e58e9950d93e5b46d941028ebae0a","name":"Equipe","image":{"@type":"ImageObject","inLanguage":"pt-BR","@id":"https:\/\/www.aquarismomarinho.com.br\/blog\/#\/schema\/person\/image\/","url":"https:\/\/www.aquarismomarinho.com.br\/blog\/wp-content\/uploads\/2020\/04\/face-icon.png","contentUrl":"https:\/\/www.aquarismomarinho.com.br\/blog\/wp-content\/uploads\/2020\/04\/face-icon.png","width":755,"height":755,"caption":"Equipe"},"logo":{"@id":"https:\/\/www.aquarismomarinho.com.br\/blog\/#\/schema\/person\/image\/"},"sameAs":["https:\/\/aquarismomarinho.com.br\/blog"]}]}},"_links":{"self":[{"href":"https:\/\/www.aquarismomarinho.com.br\/blog\/wp-json\/wp\/v2\/pages\/3","targetHints":{"allow":["GET"]}}],"collection":[{"href":"https:\/\/www.aquarismomarinho.com.br\/blog\/wp-json\/wp\/v2\/pages"}],"about":[{"href":"https:\/\/www.aquarismomarinho.com.br\/blog\/wp-json\/wp\/v2\/types\/page"}],"author":[{"embeddable":true,"href":"https:\/\/www.aquarismomarinho.com.br\/blog\/wp-json\/wp\/v2\/users\/1"}],"replies":[{"embeddable":true,"href":"https:\/\/www.aquarismomarinho.com.br\/blog\/wp-json\/wp\/v2\/comments?post=3"}],"version-history":[{"count":0,"href":"https:\/\/www.aquarismomarinho.com.br\/blog\/wp-json\/wp\/v2\/pages\/3\/revisions"}],"wp:attachment":[{"href":"https:\/\/www.aquarismomarinho.com.br\/blog\/wp-json\/wp\/v2\/media?parent=3"}],"curies":[{"name":"wp","href":"https:\/\/api.w.org\/{rel}","templated":true}]}}