{"id":287,"date":"2020-04-17T10:20:26","date_gmt":"2020-04-17T13:20:26","guid":{"rendered":"https:\/\/www.aquarismomarinho.com.br\/blog\/?page_id=287"},"modified":"2020-04-17T14:28:46","modified_gmt":"2020-04-17T17:28:46","slug":"contato","status":"publish","type":"page","link":"https:\/\/www.aquarismomarinho.com.br\/blog\/contato\/","title":{"rendered":"Converse com a gente :)"},"content":{"rendered":"\n<p>Sempre que tiver uma sugest\u00e3o, d\u00favida ou quiser trocar uma ideia, \u00e9 s\u00f3 entrar em contato!<br><br><\/p>\n\n\n\n\n<div class=\"wpcf7 no-js\" id=\"wpcf7-f296-o1\" lang=\"pt-BR\" dir=\"ltr\" data-wpcf7-id=\"296\">\n<div class=\"screen-reader-response\"><p role=\"status\" aria-live=\"polite\" aria-atomic=\"true\"><\/p> <ul><\/ul><\/div>\n<form action=\"\/blog\/wp-json\/wp\/v2\/pages\/287#wpcf7-f296-o1\" method=\"post\" class=\"wpcf7-form init\" aria-label=\"Formul\u00e1rios de contato\" novalidate=\"novalidate\" data-status=\"init\">\n<fieldset class=\"hidden-fields-container\"><input type=\"hidden\" name=\"_wpcf7\" value=\"296\" \/><input type=\"hidden\" name=\"_wpcf7_version\" value=\"6.1.5\" \/><input type=\"hidden\" name=\"_wpcf7_locale\" value=\"pt_BR\" \/><input type=\"hidden\" name=\"_wpcf7_unit_tag\" value=\"wpcf7-f296-o1\" \/><input type=\"hidden\" name=\"_wpcf7_container_post\" value=\"0\" \/><input type=\"hidden\" name=\"_wpcf7_posted_data_hash\" value=\"\" \/>\n<\/fieldset>\n<p><label> Nome *<br \/>\n<span class=\"wpcf7-form-control-wrap\" data-name=\"your-name\"><input size=\"40\" maxlength=\"400\" class=\"wpcf7-form-control wpcf7-text wpcf7-validates-as-required\" aria-required=\"true\" aria-invalid=\"false\" value=\"\" type=\"text\" name=\"your-name\" \/><\/span> <\/label>\n<\/p>\n<p><label> E-mail *<br \/>\n<span class=\"wpcf7-form-control-wrap\" data-name=\"your-email\"><input size=\"40\" maxlength=\"400\" class=\"wpcf7-form-control wpcf7-email wpcf7-validates-as-required wpcf7-text wpcf7-validates-as-email\" aria-required=\"true\" aria-invalid=\"false\" value=\"\" type=\"email\" name=\"your-email\" \/><\/span> <\/label>\n<\/p>\n<p><label> Sua mensagem<br \/>\n<span class=\"wpcf7-form-control-wrap\" data-name=\"your-message\"><textarea cols=\"40\" rows=\"10\" maxlength=\"2000\" class=\"wpcf7-form-control wpcf7-textarea\" aria-invalid=\"false\" name=\"your-message\"><\/textarea><\/span> <\/label>\n<\/p>\n<p><span class=\"wpcf7-form-control-wrap\" data-name=\"acceptance-289\"><span class=\"wpcf7-form-control wpcf7-acceptance\"><span class=\"wpcf7-list-item\"><label><input type=\"checkbox\" name=\"acceptance-289\" value=\"1\" id=\"aceite\" aria-invalid=\"false\" \/><span class=\"wpcf7-list-item-label\">Eu concordo que este site armazene minhas informa\u00e7\u00f5es enviadas para que elas possam responder \u00e0 minha consulta.<\/span><\/label><\/span><\/span><\/span>\n<\/p>\n<p><input class=\"wpcf7-form-control wpcf7-submit has-spinner\" type=\"submit\" value=\"Enviar\" \/>\n<\/p><div class=\"wpcf7-response-output\" aria-hidden=\"true\"><\/div>\n<\/form>\n<\/div>\n\n\n\n\n<p><br><a href=\"https:\/\/www.aquarismomarinho.com.br\/\">Voltar para p\u00e1gina principal<\/a><br><br><br><br><br><\/p>\n","protected":false},"excerpt":{"rendered":"<p>Sempre que tiver uma sugest\u00e3o, d\u00favida ou quiser trocar uma ideia, \u00e9 s\u00f3 entrar em contato! Voltar para p\u00e1gina principal<\/p>\n","protected":false},"author":1,"featured_media":239,"parent":0,"menu_order":0,"comment_status":"closed","ping_status":"closed","template":"","meta":{"footnotes":""},"class_list":["post-287","page","type-page","status-publish","has-post-thumbnail","hentry"],"yoast_head":"<!-- This site is optimized with the Yoast SEO plugin v27.1.1 - https:\/\/yoast.com\/product\/yoast-seo-wordpress\/ -->\n<title>Entre em Contato para tirar suas d\u00favidas ! Aquarismo Marinho<\/title>\n<meta name=\"description\" content=\"Entre em contato com nossa equipe que responderemos suas d\u00favidas e coment\u00e1rios o mais r\u00e1pido poss\u00edvel por e-mail. Aquarismo Marinho\" \/>\n<meta name=\"robots\" content=\"index, follow, max-snippet:-1, max-image-preview:large, max-video-preview:-1\" \/>\n<link rel=\"canonical\" href=\"https:\/\/www.aquarismomarinho.com.br\/blog\/contato\/\" \/>\n<meta property=\"og:locale\" content=\"pt_BR\" \/>\n<meta property=\"og:type\" content=\"article\" \/>\n<meta property=\"og:title\" content=\"Entre em Contato para tirar suas d\u00favidas ! Aquarismo Marinho\" \/>\n<meta property=\"og:description\" content=\"Entre em contato com nossa equipe que responderemos suas d\u00favidas e coment\u00e1rios o mais r\u00e1pido poss\u00edvel por e-mail. Aquarismo Marinho\" \/>\n<meta property=\"og:url\" content=\"https:\/\/www.aquarismomarinho.com.br\/blog\/contato\/\" \/>\n<meta property=\"og:site_name\" content=\"Blog\" \/>\n<meta property=\"article:modified_time\" content=\"2020-04-17T17:28:46+00:00\" \/>\n<meta property=\"og:image\" content=\"https:\/\/www.aquarismomarinho.com.br\/blog\/wp-content\/uploads\/2020\/04\/foto-cabecario3.jpg\" \/>\n\t<meta property=\"og:image:width\" content=\"1280\" \/>\n\t<meta property=\"og:image:height\" content=\"653\" \/>\n\t<meta property=\"og:image:type\" content=\"image\/jpeg\" \/>\n<meta name=\"twitter:card\" content=\"summary_large_image\" \/>\n<script type=\"application\/ld+json\" class=\"yoast-schema-graph\">{\"@context\":\"https:\/\/schema.org\",\"@graph\":[{\"@type\":\"WebPage\",\"@id\":\"https:\/\/www.aquarismomarinho.com.br\/blog\/contato\/\",\"url\":\"https:\/\/www.aquarismomarinho.com.br\/blog\/contato\/\",\"name\":\"Entre em Contato para tirar suas d\u00favidas ! Aquarismo Marinho\",\"isPartOf\":{\"@id\":\"https:\/\/www.aquarismomarinho.com.br\/blog\/#website\"},\"primaryImageOfPage\":{\"@id\":\"https:\/\/www.aquarismomarinho.com.br\/blog\/contato\/#primaryimage\"},\"image\":{\"@id\":\"https:\/\/www.aquarismomarinho.com.br\/blog\/contato\/#primaryimage\"},\"thumbnailUrl\":\"https:\/\/www.aquarismomarinho.com.br\/blog\/wp-content\/uploads\/2020\/04\/foto-cabecario3.jpg\",\"datePublished\":\"2020-04-17T13:20:26+00:00\",\"dateModified\":\"2020-04-17T17:28:46+00:00\",\"description\":\"Entre em contato com nossa equipe que responderemos suas d\u00favidas e coment\u00e1rios o mais r\u00e1pido poss\u00edvel por e-mail. Aquarismo Marinho\",\"breadcrumb\":{\"@id\":\"https:\/\/www.aquarismomarinho.com.br\/blog\/contato\/#breadcrumb\"},\"inLanguage\":\"pt-BR\",\"potentialAction\":[{\"@type\":\"ReadAction\",\"target\":[\"https:\/\/www.aquarismomarinho.com.br\/blog\/contato\/\"]}]},{\"@type\":\"ImageObject\",\"inLanguage\":\"pt-BR\",\"@id\":\"https:\/\/www.aquarismomarinho.com.br\/blog\/contato\/#primaryimage\",\"url\":\"https:\/\/www.aquarismomarinho.com.br\/blog\/wp-content\/uploads\/2020\/04\/foto-cabecario3.jpg\",\"contentUrl\":\"https:\/\/www.aquarismomarinho.com.br\/blog\/wp-content\/uploads\/2020\/04\/foto-cabecario3.jpg\",\"width\":1280,\"height\":653,\"caption\":\"Entre em contato\"},{\"@type\":\"BreadcrumbList\",\"@id\":\"https:\/\/www.aquarismomarinho.com.br\/blog\/contato\/#breadcrumb\",\"itemListElement\":[{\"@type\":\"ListItem\",\"position\":1,\"name\":\"Home\",\"item\":\"https:\/\/www.aquarismomarinho.com.br\/blog\/\"},{\"@type\":\"ListItem\",\"position\":2,\"name\":\"Converse com a gente :)\"}]},{\"@type\":\"WebSite\",\"@id\":\"https:\/\/www.aquarismomarinho.com.br\/blog\/#website\",\"url\":\"https:\/\/www.aquarismomarinho.com.br\/blog\/\",\"name\":\"Blog\",\"description\":\"Aprenda TUDO sobre Aqu\u00e1rios Marinhos\",\"publisher\":{\"@id\":\"https:\/\/www.aquarismomarinho.com.br\/blog\/#\/schema\/person\/8f9e58e9950d93e5b46d941028ebae0a\"},\"potentialAction\":[{\"@type\":\"SearchAction\",\"target\":{\"@type\":\"EntryPoint\",\"urlTemplate\":\"https:\/\/www.aquarismomarinho.com.br\/blog\/?s={search_term_string}\"},\"query-input\":{\"@type\":\"PropertyValueSpecification\",\"valueRequired\":true,\"valueName\":\"search_term_string\"}}],\"inLanguage\":\"pt-BR\"},{\"@type\":[\"Person\",\"Organization\"],\"@id\":\"https:\/\/www.aquarismomarinho.com.br\/blog\/#\/schema\/person\/8f9e58e9950d93e5b46d941028ebae0a\",\"name\":\"Equipe\",\"image\":{\"@type\":\"ImageObject\",\"inLanguage\":\"pt-BR\",\"@id\":\"https:\/\/www.aquarismomarinho.com.br\/blog\/#\/schema\/person\/image\/\",\"url\":\"https:\/\/www.aquarismomarinho.com.br\/blog\/wp-content\/uploads\/2020\/04\/face-icon.png\",\"contentUrl\":\"https:\/\/www.aquarismomarinho.com.br\/blog\/wp-content\/uploads\/2020\/04\/face-icon.png\",\"width\":755,\"height\":755,\"caption\":\"Equipe\"},\"logo\":{\"@id\":\"https:\/\/www.aquarismomarinho.com.br\/blog\/#\/schema\/person\/image\/\"},\"sameAs\":[\"https:\/\/aquarismomarinho.com.br\/blog\"]}]}<\/script>\n<!-- \/ Yoast SEO plugin. -->","yoast_head_json":{"title":"Entre em Contato para tirar suas d\u00favidas ! Aquarismo Marinho","description":"Entre em contato com nossa equipe que responderemos suas d\u00favidas e coment\u00e1rios o mais r\u00e1pido poss\u00edvel por e-mail. Aquarismo Marinho","robots":{"index":"index","follow":"follow","max-snippet":"max-snippet:-1","max-image-preview":"max-image-preview:large","max-video-preview":"max-video-preview:-1"},"canonical":"https:\/\/www.aquarismomarinho.com.br\/blog\/contato\/","og_locale":"pt_BR","og_type":"article","og_title":"Entre em Contato para tirar suas d\u00favidas ! Aquarismo Marinho","og_description":"Entre em contato com nossa equipe que responderemos suas d\u00favidas e coment\u00e1rios o mais r\u00e1pido poss\u00edvel por e-mail. Aquarismo Marinho","og_url":"https:\/\/www.aquarismomarinho.com.br\/blog\/contato\/","og_site_name":"Blog","article_modified_time":"2020-04-17T17:28:46+00:00","og_image":[{"width":1280,"height":653,"url":"https:\/\/www.aquarismomarinho.com.br\/blog\/wp-content\/uploads\/2020\/04\/foto-cabecario3.jpg","type":"image\/jpeg"}],"twitter_card":"summary_large_image","schema":{"@context":"https:\/\/schema.org","@graph":[{"@type":"WebPage","@id":"https:\/\/www.aquarismomarinho.com.br\/blog\/contato\/","url":"https:\/\/www.aquarismomarinho.com.br\/blog\/contato\/","name":"Entre em Contato para tirar suas d\u00favidas ! Aquarismo Marinho","isPartOf":{"@id":"https:\/\/www.aquarismomarinho.com.br\/blog\/#website"},"primaryImageOfPage":{"@id":"https:\/\/www.aquarismomarinho.com.br\/blog\/contato\/#primaryimage"},"image":{"@id":"https:\/\/www.aquarismomarinho.com.br\/blog\/contato\/#primaryimage"},"thumbnailUrl":"https:\/\/www.aquarismomarinho.com.br\/blog\/wp-content\/uploads\/2020\/04\/foto-cabecario3.jpg","datePublished":"2020-04-17T13:20:26+00:00","dateModified":"2020-04-17T17:28:46+00:00","description":"Entre em contato com nossa equipe que responderemos suas d\u00favidas e coment\u00e1rios o mais r\u00e1pido poss\u00edvel por e-mail. Aquarismo Marinho","breadcrumb":{"@id":"https:\/\/www.aquarismomarinho.com.br\/blog\/contato\/#breadcrumb"},"inLanguage":"pt-BR","potentialAction":[{"@type":"ReadAction","target":["https:\/\/www.aquarismomarinho.com.br\/blog\/contato\/"]}]},{"@type":"ImageObject","inLanguage":"pt-BR","@id":"https:\/\/www.aquarismomarinho.com.br\/blog\/contato\/#primaryimage","url":"https:\/\/www.aquarismomarinho.com.br\/blog\/wp-content\/uploads\/2020\/04\/foto-cabecario3.jpg","contentUrl":"https:\/\/www.aquarismomarinho.com.br\/blog\/wp-content\/uploads\/2020\/04\/foto-cabecario3.jpg","width":1280,"height":653,"caption":"Entre em contato"},{"@type":"BreadcrumbList","@id":"https:\/\/www.aquarismomarinho.com.br\/blog\/contato\/#breadcrumb","itemListElement":[{"@type":"ListItem","position":1,"name":"Home","item":"https:\/\/www.aquarismomarinho.com.br\/blog\/"},{"@type":"ListItem","position":2,"name":"Converse com a gente :)"}]},{"@type":"WebSite","@id":"https:\/\/www.aquarismomarinho.com.br\/blog\/#website","url":"https:\/\/www.aquarismomarinho.com.br\/blog\/","name":"Blog","description":"Aprenda TUDO sobre Aqu\u00e1rios Marinhos","publisher":{"@id":"https:\/\/www.aquarismomarinho.com.br\/blog\/#\/schema\/person\/8f9e58e9950d93e5b46d941028ebae0a"},"potentialAction":[{"@type":"SearchAction","target":{"@type":"EntryPoint","urlTemplate":"https:\/\/www.aquarismomarinho.com.br\/blog\/?s={search_term_string}"},"query-input":{"@type":"PropertyValueSpecification","valueRequired":true,"valueName":"search_term_string"}}],"inLanguage":"pt-BR"},{"@type":["Person","Organization"],"@id":"https:\/\/www.aquarismomarinho.com.br\/blog\/#\/schema\/person\/8f9e58e9950d93e5b46d941028ebae0a","name":"Equipe","image":{"@type":"ImageObject","inLanguage":"pt-BR","@id":"https:\/\/www.aquarismomarinho.com.br\/blog\/#\/schema\/person\/image\/","url":"https:\/\/www.aquarismomarinho.com.br\/blog\/wp-content\/uploads\/2020\/04\/face-icon.png","contentUrl":"https:\/\/www.aquarismomarinho.com.br\/blog\/wp-content\/uploads\/2020\/04\/face-icon.png","width":755,"height":755,"caption":"Equipe"},"logo":{"@id":"https:\/\/www.aquarismomarinho.com.br\/blog\/#\/schema\/person\/image\/"},"sameAs":["https:\/\/aquarismomarinho.com.br\/blog"]}]}},"_links":{"self":[{"href":"https:\/\/www.aquarismomarinho.com.br\/blog\/wp-json\/wp\/v2\/pages\/287","targetHints":{"allow":["GET"]}}],"collection":[{"href":"https:\/\/www.aquarismomarinho.com.br\/blog\/wp-json\/wp\/v2\/pages"}],"about":[{"href":"https:\/\/www.aquarismomarinho.com.br\/blog\/wp-json\/wp\/v2\/types\/page"}],"author":[{"embeddable":true,"href":"https:\/\/www.aquarismomarinho.com.br\/blog\/wp-json\/wp\/v2\/users\/1"}],"replies":[{"embeddable":true,"href":"https:\/\/www.aquarismomarinho.com.br\/blog\/wp-json\/wp\/v2\/comments?post=287"}],"version-history":[{"count":0,"href":"https:\/\/www.aquarismomarinho.com.br\/blog\/wp-json\/wp\/v2\/pages\/287\/revisions"}],"wp:featuredmedia":[{"embeddable":true,"href":"https:\/\/www.aquarismomarinho.com.br\/blog\/wp-json\/wp\/v2\/media\/239"}],"wp:attachment":[{"href":"https:\/\/www.aquarismomarinho.com.br\/blog\/wp-json\/wp\/v2\/media?parent=287"}],"curies":[{"name":"wp","href":"https:\/\/api.w.org\/{rel}","templated":true}]}}