{"id":121,"date":"2020-04-05T14:27:19","date_gmt":"2020-04-05T17:27:19","guid":{"rendered":"https:\/\/www.aquarismomarinho.com.br\/blog\/?page_id=121"},"modified":"2020-04-05T14:50:52","modified_gmt":"2020-04-05T17:50:52","slug":"consideracoes-importantes","status":"publish","type":"page","link":"https:\/\/www.aquarismomarinho.com.br\/blog\/consideracoes-importantes\/","title":{"rendered":"Considera\u00e7\u00f5es Importantes"},"content":{"rendered":"\n<p>Obrigado pela sua visita em nosso Site<\/p>\n\n\n\n<p>Os produtos, servi\u00e7os e conte\u00fados oferecidos neste site n\u00e3o devem ser interpretados como uma promessa ou garantia de que n\u00e3o ir\u00e1 perder nenhum peixe, coral ou equipamento para seu aqu\u00e1rio.<\/p>\n\n\n\n<p>O n\u00edvel de sucesso que alcan\u00e7ar\u00e1 e a qualidade de seus resultados est\u00e3o diretamente ligados ao tempo de dedica\u00e7\u00e3o que voc\u00ea tem para estudo e compreen\u00e7\u00e3o dos nosso artigos. Al\u00e9m disso, \u00e9 preciso levar em conta o seu n\u00edvel de entendimento sobre as informa\u00e7\u00f5es, sobre as t\u00e9cnicas apresentadas, suas habilidades, seus conhecimentos e tamb\u00e9m a sua disponibilidade financeira.<\/p>\n\n\n\n<p>Toda e qualquer declara\u00e7\u00e3o prospectiva contida neste site ou em qualquer um dos nossos produtos destina se apenas a expressar nossa opini\u00e3o sobre o Aquarismo e que algumas pessoas podem alcan\u00e7ar, por isso, n\u00e3o somos os respons\u00e1veis por qualquer a\u00e7\u00e3o que possa vir a tomar.<\/p>\n\n\n\n<p>Muitos fatores ser\u00e3o importantes para determinar seus resultados reais, e n\u00e3o damos garantias de que voc\u00ea vai conseguir resultados semelhantes aos nossos, ou de qualquer outra pessoa. Na verdade, n\u00f3s n\u00e3o damos nenhuma garantia que voc\u00ea vai conseguir quaisquer resultados das ideias e t\u00e9cnicas contidas em nosso site.<\/p>\n\n\n\n<p>Na medida em que n\u00f3s inclu\u00edmos quaisquer estudos de caso ou depoimentos neste site, voc\u00ea pode supor que nenhuma dessas hist\u00f3rias de forma alguma representam a m\u00e9dia ou t\u00edpica experi\u00eancia do cliente.<\/p>\n\n\n\n<p>Na realidade, assim como ocorre em qualquer produto ou servi\u00e7o comercializado no mercado, muitas pessoas ir\u00e3o adquirir nossos produtos, mas n\u00e3o ir\u00e3o us\u00e1-los em tudo da forma com que indicamos, portanto n\u00e3o ir\u00e3o obter qualquer resultado. Com isso, ao comprar os nossos produtos, voc\u00ea deve assumir que tamb\u00e9m pode n\u00e3o obter resultados.<\/p>\n\n\n\n<p>Com isso, VOC\u00ca CONCORDA e ENTENDE TOTALMENTE que a Faldem Design Gr\u00e1fico e Web Ltda. CNPJ: 11.479.153\/0001-80, respons\u00e1vel por este Blog, N\u00c3O SER\u00c1 RESPONS\u00c1VEL PELO SEU SUCESSO E NEM PELO SEU FRACASSO, POIS N\u00c3O D\u00c1 NENHUMA GARANTIA OU REPRESENTA\u00c7\u00c3O DE QUE OS SEUS PRODUTOS, SERVI\u00c7OS OU ARTIGOS produzir\u00e3o qualquer resultado particular PARA VOC\u00ca!<br><\/p>\n","protected":false},"excerpt":{"rendered":"<p>Obrigado pela sua visita em nosso Site Os produtos, servi\u00e7os e conte\u00fados oferecidos neste site n\u00e3o devem ser interpretados como uma promessa ou garantia de que n\u00e3o ir\u00e1 perder nenhum peixe, coral ou equipamento para seu aqu\u00e1rio. O n\u00edvel de sucesso que alcan\u00e7ar\u00e1 e a qualidade de seus resultados est\u00e3o [&hellip;]<\/p>\n","protected":false},"author":1,"featured_media":0,"parent":0,"menu_order":0,"comment_status":"closed","ping_status":"closed","template":"","meta":{"footnotes":""},"class_list":["post-121","page","type-page","status-publish","hentry"],"yoast_head":"<!-- This site is optimized with the Yoast SEO plugin v27.1.1 - https:\/\/yoast.com\/product\/yoast-seo-wordpress\/ -->\n<title>Considera\u00e7\u00f5es Importantes - Blog Aquarismo Marinho<\/title>\n<meta name=\"description\" content=\"O n\u00edvel de sucesso que alcan\u00e7ar\u00e1 e a qualidade de seus resultados est\u00e3o diretamente ligados ao tempo de dedica\u00e7\u00e3o para estudo dos nosso artigos.\" \/>\n<meta name=\"robots\" content=\"index, follow, max-snippet:-1, max-image-preview:large, max-video-preview:-1\" \/>\n<link rel=\"canonical\" href=\"https:\/\/www.aquarismomarinho.com.br\/blog\/consideracoes-importantes\/\" \/>\n<meta property=\"og:locale\" content=\"pt_BR\" \/>\n<meta property=\"og:type\" content=\"article\" \/>\n<meta property=\"og:title\" content=\"Considera\u00e7\u00f5es Importantes - Blog Aquarismo Marinho\" \/>\n<meta property=\"og:description\" content=\"O n\u00edvel de sucesso que alcan\u00e7ar\u00e1 e a qualidade de seus resultados est\u00e3o diretamente ligados ao tempo de dedica\u00e7\u00e3o para estudo dos nosso artigos.\" \/>\n<meta property=\"og:url\" content=\"https:\/\/www.aquarismomarinho.com.br\/blog\/consideracoes-importantes\/\" \/>\n<meta property=\"og:site_name\" content=\"Blog\" \/>\n<meta property=\"article:modified_time\" content=\"2020-04-05T17:50:52+00:00\" \/>\n<meta property=\"og:image\" content=\"https:\/\/www.aquarismomarinho.com.br\/blog\/wp-content\/uploads\/2020\/04\/foto-cabecario3.jpg\" \/>\n\t<meta property=\"og:image:width\" content=\"1280\" \/>\n\t<meta property=\"og:image:height\" content=\"653\" \/>\n\t<meta property=\"og:image:type\" content=\"image\/jpeg\" \/>\n<meta name=\"twitter:card\" content=\"summary_large_image\" \/>\n<meta name=\"twitter:label1\" content=\"Est. tempo de leitura\" \/>\n\t<meta name=\"twitter:data1\" content=\"2 minutos\" \/>\n<script type=\"application\/ld+json\" class=\"yoast-schema-graph\">{\"@context\":\"https:\/\/schema.org\",\"@graph\":[{\"@type\":\"WebPage\",\"@id\":\"https:\/\/www.aquarismomarinho.com.br\/blog\/consideracoes-importantes\/\",\"url\":\"https:\/\/www.aquarismomarinho.com.br\/blog\/consideracoes-importantes\/\",\"name\":\"Considera\u00e7\u00f5es Importantes - Blog Aquarismo Marinho\",\"isPartOf\":{\"@id\":\"https:\/\/www.aquarismomarinho.com.br\/blog\/#website\"},\"datePublished\":\"2020-04-05T17:27:19+00:00\",\"dateModified\":\"2020-04-05T17:50:52+00:00\",\"description\":\"O n\u00edvel de sucesso que alcan\u00e7ar\u00e1 e a qualidade de seus resultados est\u00e3o diretamente ligados ao tempo de dedica\u00e7\u00e3o para estudo dos nosso artigos.\",\"breadcrumb\":{\"@id\":\"https:\/\/www.aquarismomarinho.com.br\/blog\/consideracoes-importantes\/#breadcrumb\"},\"inLanguage\":\"pt-BR\",\"potentialAction\":[{\"@type\":\"ReadAction\",\"target\":[\"https:\/\/www.aquarismomarinho.com.br\/blog\/consideracoes-importantes\/\"]}]},{\"@type\":\"BreadcrumbList\",\"@id\":\"https:\/\/www.aquarismomarinho.com.br\/blog\/consideracoes-importantes\/#breadcrumb\",\"itemListElement\":[{\"@type\":\"ListItem\",\"position\":1,\"name\":\"Home\",\"item\":\"https:\/\/www.aquarismomarinho.com.br\/blog\/\"},{\"@type\":\"ListItem\",\"position\":2,\"name\":\"Considera\u00e7\u00f5es Importantes\"}]},{\"@type\":\"WebSite\",\"@id\":\"https:\/\/www.aquarismomarinho.com.br\/blog\/#website\",\"url\":\"https:\/\/www.aquarismomarinho.com.br\/blog\/\",\"name\":\"Blog\",\"description\":\"Aprenda TUDO sobre Aqu\u00e1rios Marinhos\",\"publisher\":{\"@id\":\"https:\/\/www.aquarismomarinho.com.br\/blog\/#\/schema\/person\/8f9e58e9950d93e5b46d941028ebae0a\"},\"potentialAction\":[{\"@type\":\"SearchAction\",\"target\":{\"@type\":\"EntryPoint\",\"urlTemplate\":\"https:\/\/www.aquarismomarinho.com.br\/blog\/?s={search_term_string}\"},\"query-input\":{\"@type\":\"PropertyValueSpecification\",\"valueRequired\":true,\"valueName\":\"search_term_string\"}}],\"inLanguage\":\"pt-BR\"},{\"@type\":[\"Person\",\"Organization\"],\"@id\":\"https:\/\/www.aquarismomarinho.com.br\/blog\/#\/schema\/person\/8f9e58e9950d93e5b46d941028ebae0a\",\"name\":\"Equipe\",\"image\":{\"@type\":\"ImageObject\",\"inLanguage\":\"pt-BR\",\"@id\":\"https:\/\/www.aquarismomarinho.com.br\/blog\/#\/schema\/person\/image\/\",\"url\":\"https:\/\/www.aquarismomarinho.com.br\/blog\/wp-content\/uploads\/2020\/04\/face-icon.png\",\"contentUrl\":\"https:\/\/www.aquarismomarinho.com.br\/blog\/wp-content\/uploads\/2020\/04\/face-icon.png\",\"width\":755,\"height\":755,\"caption\":\"Equipe\"},\"logo\":{\"@id\":\"https:\/\/www.aquarismomarinho.com.br\/blog\/#\/schema\/person\/image\/\"},\"sameAs\":[\"https:\/\/aquarismomarinho.com.br\/blog\"]}]}<\/script>\n<!-- \/ Yoast SEO plugin. -->","yoast_head_json":{"title":"Considera\u00e7\u00f5es Importantes - Blog Aquarismo Marinho","description":"O n\u00edvel de sucesso que alcan\u00e7ar\u00e1 e a qualidade de seus resultados est\u00e3o diretamente ligados ao tempo de dedica\u00e7\u00e3o para estudo dos nosso artigos.","robots":{"index":"index","follow":"follow","max-snippet":"max-snippet:-1","max-image-preview":"max-image-preview:large","max-video-preview":"max-video-preview:-1"},"canonical":"https:\/\/www.aquarismomarinho.com.br\/blog\/consideracoes-importantes\/","og_locale":"pt_BR","og_type":"article","og_title":"Considera\u00e7\u00f5es Importantes - Blog Aquarismo Marinho","og_description":"O n\u00edvel de sucesso que alcan\u00e7ar\u00e1 e a qualidade de seus resultados est\u00e3o diretamente ligados ao tempo de dedica\u00e7\u00e3o para estudo dos nosso artigos.","og_url":"https:\/\/www.aquarismomarinho.com.br\/blog\/consideracoes-importantes\/","og_site_name":"Blog","article_modified_time":"2020-04-05T17:50:52+00:00","og_image":[{"width":1280,"height":653,"url":"https:\/\/www.aquarismomarinho.com.br\/blog\/wp-content\/uploads\/2020\/04\/foto-cabecario3.jpg","type":"image\/jpeg"}],"twitter_card":"summary_large_image","twitter_misc":{"Est. tempo de leitura":"2 minutos"},"schema":{"@context":"https:\/\/schema.org","@graph":[{"@type":"WebPage","@id":"https:\/\/www.aquarismomarinho.com.br\/blog\/consideracoes-importantes\/","url":"https:\/\/www.aquarismomarinho.com.br\/blog\/consideracoes-importantes\/","name":"Considera\u00e7\u00f5es Importantes - Blog Aquarismo Marinho","isPartOf":{"@id":"https:\/\/www.aquarismomarinho.com.br\/blog\/#website"},"datePublished":"2020-04-05T17:27:19+00:00","dateModified":"2020-04-05T17:50:52+00:00","description":"O n\u00edvel de sucesso que alcan\u00e7ar\u00e1 e a qualidade de seus resultados est\u00e3o diretamente ligados ao tempo de dedica\u00e7\u00e3o para estudo dos nosso artigos.","breadcrumb":{"@id":"https:\/\/www.aquarismomarinho.com.br\/blog\/consideracoes-importantes\/#breadcrumb"},"inLanguage":"pt-BR","potentialAction":[{"@type":"ReadAction","target":["https:\/\/www.aquarismomarinho.com.br\/blog\/consideracoes-importantes\/"]}]},{"@type":"BreadcrumbList","@id":"https:\/\/www.aquarismomarinho.com.br\/blog\/consideracoes-importantes\/#breadcrumb","itemListElement":[{"@type":"ListItem","position":1,"name":"Home","item":"https:\/\/www.aquarismomarinho.com.br\/blog\/"},{"@type":"ListItem","position":2,"name":"Considera\u00e7\u00f5es Importantes"}]},{"@type":"WebSite","@id":"https:\/\/www.aquarismomarinho.com.br\/blog\/#website","url":"https:\/\/www.aquarismomarinho.com.br\/blog\/","name":"Blog","description":"Aprenda TUDO sobre Aqu\u00e1rios Marinhos","publisher":{"@id":"https:\/\/www.aquarismomarinho.com.br\/blog\/#\/schema\/person\/8f9e58e9950d93e5b46d941028ebae0a"},"potentialAction":[{"@type":"SearchAction","target":{"@type":"EntryPoint","urlTemplate":"https:\/\/www.aquarismomarinho.com.br\/blog\/?s={search_term_string}"},"query-input":{"@type":"PropertyValueSpecification","valueRequired":true,"valueName":"search_term_string"}}],"inLanguage":"pt-BR"},{"@type":["Person","Organization"],"@id":"https:\/\/www.aquarismomarinho.com.br\/blog\/#\/schema\/person\/8f9e58e9950d93e5b46d941028ebae0a","name":"Equipe","image":{"@type":"ImageObject","inLanguage":"pt-BR","@id":"https:\/\/www.aquarismomarinho.com.br\/blog\/#\/schema\/person\/image\/","url":"https:\/\/www.aquarismomarinho.com.br\/blog\/wp-content\/uploads\/2020\/04\/face-icon.png","contentUrl":"https:\/\/www.aquarismomarinho.com.br\/blog\/wp-content\/uploads\/2020\/04\/face-icon.png","width":755,"height":755,"caption":"Equipe"},"logo":{"@id":"https:\/\/www.aquarismomarinho.com.br\/blog\/#\/schema\/person\/image\/"},"sameAs":["https:\/\/aquarismomarinho.com.br\/blog"]}]}},"_links":{"self":[{"href":"https:\/\/www.aquarismomarinho.com.br\/blog\/wp-json\/wp\/v2\/pages\/121","targetHints":{"allow":["GET"]}}],"collection":[{"href":"https:\/\/www.aquarismomarinho.com.br\/blog\/wp-json\/wp\/v2\/pages"}],"about":[{"href":"https:\/\/www.aquarismomarinho.com.br\/blog\/wp-json\/wp\/v2\/types\/page"}],"author":[{"embeddable":true,"href":"https:\/\/www.aquarismomarinho.com.br\/blog\/wp-json\/wp\/v2\/users\/1"}],"replies":[{"embeddable":true,"href":"https:\/\/www.aquarismomarinho.com.br\/blog\/wp-json\/wp\/v2\/comments?post=121"}],"version-history":[{"count":0,"href":"https:\/\/www.aquarismomarinho.com.br\/blog\/wp-json\/wp\/v2\/pages\/121\/revisions"}],"wp:attachment":[{"href":"https:\/\/www.aquarismomarinho.com.br\/blog\/wp-json\/wp\/v2\/media?parent=121"}],"curies":[{"name":"wp","href":"https:\/\/api.w.org\/{rel}","templated":true}]}}